{"id":296,"date":"2025-08-16T01:16:31","date_gmt":"2025-08-16T01:16:31","guid":{"rendered":"https:\/\/iterway.com\/?page_id=296"},"modified":"2025-08-16T01:17:43","modified_gmt":"2025-08-16T01:17:43","slug":"aviso-legal","status":"publish","type":"page","link":"https:\/\/iterway.com\/en_us\/aviso-legal\/","title":{"rendered":"Legal Notice"},"content":{"rendered":"<div data-elementor-type=\"wp-page\" data-elementor-id=\"296\" class=\"elementor elementor-296\" data-elementor-post-type=\"page\">\n\t\t\t\t<div class=\"elementor-element elementor-element-11bea6c e-flex e-con-boxed e-con e-parent\" data-id=\"11bea6c\" data-element_type=\"container\" data-e-type=\"container\" data-settings=\"{&quot;background_background&quot;:&quot;classic&quot;}\">\n\t\t\t\t\t<div class=\"e-con-inner\">\n\t\t<div class=\"elementor-element elementor-element-5461082 e-con-full e-flex e-con e-child\" data-id=\"5461082\" data-element_type=\"container\" data-e-type=\"container\">\n\t\t\t\t<\/div>\n\t\t\t\t\t<\/div>\n\t\t\t\t<\/div>\n\t\t<div class=\"elementor-element elementor-element-2fc0e1b e-flex e-con-boxed e-con e-parent\" data-id=\"2fc0e1b\" data-element_type=\"container\" data-e-type=\"container\">\n\t\t\t\t\t<div class=\"e-con-inner\">\n\t\t\t\t<div class=\"elementor-element elementor-element-136fbf1 elementor-widget elementor-widget-text-editor\" data-id=\"136fbf1\" data-element_type=\"widget\" data-e-type=\"widget\" data-widget_type=\"text-editor.default\">\n\t\t\t\t\t\t\t\t\t<p data-start=\"358\" data-end=\"636\">In compliance with the provisions of current regulations, it is reported that this website <a class=\"\" href=\"http:\/\/www.iterway.com\" target=\"_new\" rel=\"noopener\" data-start=\"454\" data-end=\"469\">www.iterway.com<\/a> is operated by <strong data-start=\"485\" data-end=\"500\">OP24 S.R.L.<\/strong>, with tax domicile in <strong data-start=\"526\" data-end=\"560\">Bathrust 3364, CABA, Argentina<\/strong>, CUIT <strong data-start=\"567\" data-end=\"584\">30-71112400-0<\/strong> and legally represented by <strong data-start=\"615\" data-end=\"635\">Efra\u00edn Rodr\u00edguez<\/strong>.<\/p><hr data-start=\"638\" data-end=\"641\" \/><p data-start=\"643\" data-end=\"664\"><strong data-start=\"643\" data-end=\"664\">Contact details<\/strong><\/p><ul data-start=\"665\" data-end=\"745\"><li data-start=\"665\" data-end=\"695\"><p data-start=\"667\" data-end=\"695\">Email: <a class=\"cursor-pointer\" rel=\"noopener\" data-start=\"674\" data-end=\"693\">contact@iterway.com<\/a><\/p><\/li><li data-start=\"696\" data-end=\"745\"><p data-start=\"698\" data-end=\"745\">Phones: +54 9 11 6833-7951 \/ +1 786 612 0580<\/p><\/li><\/ul><hr data-start=\"747\" data-end=\"750\" \/><p data-start=\"752\" data-end=\"762\"><strong data-start=\"752\" data-end=\"762\">Object<\/strong><\/p><p data-start=\"764\" data-end=\"1054\">This Legal Notice governs the conditions of access, use, and navigation of the website (hereinafter, \"the Site\") that OP24 S.R.L. makes available to Internet users. By accessing the Site, the user expressly, automatically, and voluntarily accepts the conditions set forth herein.<\/p><hr data-start=\"1056\" data-end=\"1059\" \/><p data-start=\"1061\" data-end=\"1099\"><strong data-start=\"1061\" data-end=\"1099\">Intellectual and industrial property<\/strong><\/p><p data-start=\"1101\" data-end=\"1426\">All content on the Site (text, images, logos, designs, software, source code, databases, etc.) belongs to OP24 S.R.L. or its licensors and is protected by current legislation. Reproduction, distribution, public communication, and modification without express authorization are prohibited.<\/p><hr data-start=\"1428\" data-end=\"1431\" \/><p data-start=\"1433\" data-end=\"1452\"><strong data-start=\"1433\" data-end=\"1452\">Responsibility<\/strong><\/p><p data-start=\"1454\" data-end=\"1711\">OP24 S.R.L. is not responsible for any damages or losses resulting from improper use of the website or the information contained therein. It also does not guarantee the absence of viruses or other elements that may cause alterations to the user's systems.<\/p><hr data-start=\"1713\" data-end=\"1716\" \/><p data-start=\"1718\" data-end=\"1738\"><strong data-start=\"1718\" data-end=\"1738\">External links<\/strong><\/p><p data-start=\"1740\" data-end=\"1927\">The Site may include links or content from third parties. OP24 S.R.L. is not responsible for the content, operation, or privacy policies of such external sites.<\/p><hr data-start=\"1929\" data-end=\"1932\" \/><p data-start=\"1934\" data-end=\"1952\"><strong data-start=\"1934\" data-end=\"1952\">Modifications<\/strong><\/p><p data-start=\"1954\" data-end=\"2153\">OP24 S.R.L. reserves the right to modify, update, or delete this Legal Notice at any time without prior notice. Modifications become effective upon publication.<\/p><hr data-start=\"2155\" data-end=\"2158\" \/><p data-start=\"2160\" data-end=\"2192\"><strong data-start=\"2160\" data-end=\"2192\">Applicable law and jurisdiction<\/strong><\/p><p data-start=\"2194\" data-end=\"2478\">This Legal Notice is governed by the laws of the Argentine Republic. For any dispute arising from access to or use of the Site, the parties submit to the jurisdiction of the ordinary courts of Buenos Aires City, unless otherwise provided by law.<\/p>\t\t\t\t\t\t\t\t<\/div>\n\t\t\t\t\t<\/div>\n\t\t\t\t<\/div>\n\t\t\t\t<\/div>","protected":false},"excerpt":{"rendered":"<p>En cumplimiento de lo establecido en la normativa vigente, se informa que el presente sitio web www.iterway.com es operado por OP24 S.R.L., con domicilio fiscal en Bathrust 3364, CABA, Argentina, CUIT 30-71112400-0 y representada legalmente por Efra\u00edn Rodr\u00edguez. Datos de contacto Email: contact@iterway.com Tel\u00e9fonos: +54 9 11 6833-7951 \/ +1 786 612 0580 Objeto El [&hellip;]<\/p>\n","protected":false},"author":2,"featured_media":0,"parent":0,"menu_order":0,"comment_status":"closed","ping_status":"closed","template":"","meta":{"footnotes":""},"class_list":["post-296","page","type-page","status-publish","hentry"],"jetpack_sharing_enabled":true,"_links":{"self":[{"href":"https:\/\/iterway.com\/en_us\/wp-json\/wp\/v2\/pages\/296","targetHints":{"allow":["GET"]}}],"collection":[{"href":"https:\/\/iterway.com\/en_us\/wp-json\/wp\/v2\/pages"}],"about":[{"href":"https:\/\/iterway.com\/en_us\/wp-json\/wp\/v2\/types\/page"}],"author":[{"embeddable":true,"href":"https:\/\/iterway.com\/en_us\/wp-json\/wp\/v2\/users\/2"}],"replies":[{"embeddable":true,"href":"https:\/\/iterway.com\/en_us\/wp-json\/wp\/v2\/comments?post=296"}],"version-history":[{"count":4,"href":"https:\/\/iterway.com\/en_us\/wp-json\/wp\/v2\/pages\/296\/revisions"}],"predecessor-version":[{"id":300,"href":"https:\/\/iterway.com\/en_us\/wp-json\/wp\/v2\/pages\/296\/revisions\/300"}],"wp:attachment":[{"href":"https:\/\/iterway.com\/en_us\/wp-json\/wp\/v2\/media?parent=296"}],"curies":[{"name":"wp","href":"https:\/\/api.w.org\/{rel}","templated":true}]}}