{"id":3,"date":"2025-07-15T21:38:15","date_gmt":"2025-07-15T21:38:15","guid":{"rendered":"https:\/\/iterway.com\/?page_id=3"},"modified":"2025-08-16T01:18:32","modified_gmt":"2025-08-16T01:18:32","slug":"politicas-de-privacidad","status":"publish","type":"page","link":"https:\/\/iterway.com\/en_us\/politicas-de-privacidad\/","title":{"rendered":"Pol\u00edticas de privacidad"},"content":{"rendered":"<div data-elementor-type=\"wp-page\" data-elementor-id=\"3\" class=\"elementor elementor-3\" data-elementor-post-type=\"page\">\n\t\t\t\t<div class=\"elementor-element elementor-element-5ca9054 e-flex e-con-boxed e-con e-parent\" data-id=\"5ca9054\" data-element_type=\"container\" data-e-type=\"container\" data-settings=\"{&quot;background_background&quot;:&quot;classic&quot;}\">\n\t\t\t\t\t<div class=\"e-con-inner\">\n\t\t<div class=\"elementor-element elementor-element-384a817 e-con-full e-flex e-con e-child\" data-id=\"384a817\" data-element_type=\"container\" data-e-type=\"container\">\n\t\t\t\t<\/div>\n\t\t\t\t\t<\/div>\n\t\t\t\t<\/div>\n\t\t<div class=\"elementor-element elementor-element-efed937 e-flex e-con-boxed e-con e-parent\" data-id=\"efed937\" data-element_type=\"container\" data-e-type=\"container\">\n\t\t\t\t\t<div class=\"e-con-inner\">\n\t\t\t\t<div class=\"elementor-element elementor-element-7c51593 elementor-widget elementor-widget-text-editor\" data-id=\"7c51593\" data-element_type=\"widget\" data-e-type=\"widget\" data-widget_type=\"text-editor.default\">\n\t\t\t\t\t\t\t\t\t<p data-start=\"2575\" data-end=\"2872\">In <strong data-start=\"2578\" data-end=\"2593\">OP24 S.R.L.<\/strong> We are committed to protecting the privacy of our users and ensuring the responsible use of personal data in accordance with the Argentine Personal Data Protection Law (Law 25.326) and the European Union's General Data Protection Regulation (GDPR).<\/p>\n<hr data-start=\"2874\" data-end=\"2877\" \/>\n<p data-start=\"2879\" data-end=\"2910\"><strong data-start=\"2879\" data-end=\"2910\">Data controller<\/strong><\/p>\n<ul data-start=\"2912\" data-end=\"3047\">\n<li data-start=\"2912\" data-end=\"2936\">\n<p data-start=\"2914\" data-end=\"2936\">Owner: OP24 S.R.L.<\/p>\n<\/li>\n<li data-start=\"2937\" data-end=\"2960\">\n<p data-start=\"2939\" data-end=\"2960\">CUIT: 30-71112400-0<\/p>\n<\/li>\n<li data-start=\"2961\" data-end=\"3006\">\n<p data-start=\"2963\" data-end=\"3006\">Address: Bathrust 3364, CABA, Argentina<\/p>\n<\/li>\n<li data-start=\"3007\" data-end=\"3047\">\n<p data-start=\"3009\" data-end=\"3047\">Email: <a class=\"cursor-pointer\" rel=\"noopener\" data-start=\"3028\" data-end=\"3047\">contact@iterway.com<\/a><\/p>\n<\/li>\n<\/ul>\n<hr data-start=\"3049\" data-end=\"3052\" \/>\n<p data-start=\"3054\" data-end=\"3073\"><strong data-start=\"3054\" data-end=\"3073\">Data collected<\/strong><\/p>\n<p data-start=\"3075\" data-end=\"3290\">We may collect personal information such as first name, last name, email address, phone number, and other data that the user voluntarily provides through contact forms, subscriptions, or direct communications.<\/p>\n<hr data-start=\"3292\" data-end=\"3295\" \/>\n<p data-start=\"3297\" data-end=\"3328\"><strong data-start=\"3297\" data-end=\"3328\">Treatment purposes<\/strong><\/p>\n<ul data-start=\"3330\" data-end=\"3545\">\n<li data-start=\"3330\" data-end=\"3366\">\n<p data-start=\"3332\" data-end=\"3366\">Respond to queries or requests.<\/p>\n<\/li>\n<li data-start=\"3367\" data-end=\"3419\">\n<p data-start=\"3369\" data-end=\"3419\">Provide services or send requested information.<\/p>\n<\/li>\n<li data-start=\"3420\" data-end=\"3480\">\n<p data-start=\"3422\" data-end=\"3480\">Send commercial communications (with prior consent).<\/p>\n<\/li>\n<li data-start=\"3481\" data-end=\"3545\">\n<p data-start=\"3483\" data-end=\"3545\">Administrative management and compliance with legal obligations.<\/p>\n<\/li>\n<\/ul>\n<hr data-start=\"3547\" data-end=\"3550\" \/>\n<p data-start=\"3552\" data-end=\"3568\"><strong data-start=\"3552\" data-end=\"3568\">Legitimation<\/strong><\/p>\n<p data-start=\"3570\" data-end=\"3733\">Processing is based on the user's consent or the data controller's legitimate interest in maintaining the commercial or informational relationship.<\/p>\n<hr data-start=\"3735\" data-end=\"3738\" \/>\n<p data-start=\"3740\" data-end=\"3765\"><strong data-start=\"3740\" data-end=\"3765\">Data retention<\/strong><\/p>\n<p data-start=\"3767\" data-end=\"3995\">Data will be retained as long as a relationship with the user exists or as long as necessary to comply with legal obligations. Once the purpose has been fulfilled, it may be kept blocked for the legally permitted period.<\/p>\n<hr data-start=\"3997\" data-end=\"4000\" \/>\n<p data-start=\"4002\" data-end=\"4031\"><strong data-start=\"4002\" data-end=\"4031\">Assignments and transfers<\/strong><\/p>\n<p data-start=\"4033\" data-end=\"4294\">Data will not be transferred to third parties except under legal obligation or if necessary for the provision of the service (technology providers under a confidentiality agreement). International data transfers will not be made without the user's express authorization.<\/p>\n<hr data-start=\"4296\" data-end=\"4299\" \/>\n<p data-start=\"4301\" data-end=\"4329\"><strong data-start=\"4301\" data-end=\"4329\">User rights<\/strong><\/p>\n<p data-start=\"4331\" data-end=\"4569\">Users may exercise their rights of access, rectification, cancellation, opposition, portability and limitation by writing to <a class=\"cursor-pointer\" rel=\"noopener\" data-start=\"4462\" data-end=\"4481\">contact@iterway.com<\/a>They may also file a complaint with the relevant supervisory authority.<\/p>\n<hr data-start=\"4571\" data-end=\"4574\" \/>\n<p data-start=\"4576\" data-end=\"4607\"><strong data-start=\"4576\" data-end=\"4607\">Information security<\/strong><\/p>\n<p data-start=\"4609\" data-end=\"4750\">OP24 S.R.L. adopts technical and organizational measures to guarantee the confidentiality, integrity, and availability of personal data.<\/p>\n<hr data-start=\"4752\" data-end=\"4755\" \/>\n<p data-start=\"4757\" data-end=\"4775\"><strong data-start=\"4757\" data-end=\"4775\">Modifications<\/strong><\/p>\n<p data-start=\"4777\" data-end=\"4919\">We reserve the right to modify this policy to adapt it to legislative changes. Changes will be posted on this page.<\/p>\t\t\t\t\t\t\t\t<\/div>\n\t\t\t\t\t<\/div>\n\t\t\t\t<\/div>\n\t\t\t\t<\/div>","protected":false},"excerpt":{"rendered":"<p>En OP24 S.R.L. nos comprometemos a proteger la privacidad de nuestros usuarios y a garantizar el uso responsable de los datos personales de acuerdo con la Ley de Protecci\u00f3n de Datos Personales de Argentina (Ley 25.326) y el Reglamento General de Protecci\u00f3n de Datos (GDPR) de la Uni\u00f3n Europea. Responsable del tratamiento Titular: OP24 S.R.L. [&hellip;]<\/p>\n","protected":false},"author":2,"featured_media":0,"parent":0,"menu_order":0,"comment_status":"closed","ping_status":"closed","template":"","meta":{"footnotes":""},"class_list":["post-3","page","type-page","status-publish","hentry"],"jetpack_sharing_enabled":true,"_links":{"self":[{"href":"https:\/\/iterway.com\/en_us\/wp-json\/wp\/v2\/pages\/3","targetHints":{"allow":["GET"]}}],"collection":[{"href":"https:\/\/iterway.com\/en_us\/wp-json\/wp\/v2\/pages"}],"about":[{"href":"https:\/\/iterway.com\/en_us\/wp-json\/wp\/v2\/types\/page"}],"author":[{"embeddable":true,"href":"https:\/\/iterway.com\/en_us\/wp-json\/wp\/v2\/users\/2"}],"replies":[{"embeddable":true,"href":"https:\/\/iterway.com\/en_us\/wp-json\/wp\/v2\/comments?post=3"}],"version-history":[{"count":4,"href":"https:\/\/iterway.com\/en_us\/wp-json\/wp\/v2\/pages\/3\/revisions"}],"predecessor-version":[{"id":303,"href":"https:\/\/iterway.com\/en_us\/wp-json\/wp\/v2\/pages\/3\/revisions\/303"}],"wp:attachment":[{"href":"https:\/\/iterway.com\/en_us\/wp-json\/wp\/v2\/media?parent=3"}],"curies":[{"name":"wp","href":"https:\/\/api.w.org\/{rel}","templated":true}]}}